{"id":36,"date":"2025-10-25T03:02:01","date_gmt":"2025-10-25T03:02:01","guid":{"rendered":"https:\/\/takakmamu.com\/?page_id=36"},"modified":"2025-11-17T21:04:00","modified_gmt":"2025-11-17T21:04:00","slug":"elementor-36","status":"publish","type":"page","link":"https:\/\/takakmamu.com\/","title":{"rendered":"Inicio"},"content":{"rendered":"\t\t<div data-elementor-type=\"wp-post\" data-elementor-id=\"36\" class=\"elementor elementor-36\">\n\t\t\t\t<div class=\"elementor-element elementor-element-6421006 e-flex e-con-boxed e-con e-parent\" data-id=\"6421006\" data-element_type=\"container\">\n\t\t\t\t\t<div class=\"e-con-inner\">\n\t\t<div class=\"elementor-element elementor-element-7838b48 e-con-full e-flex e-con e-child\" data-id=\"7838b48\" data-element_type=\"container\">\n\t\t\t\t<div class=\"elementor-element elementor-element-bee7b5c elementor-arrows-position-inside elementor-pagination-position-outside elementor-widget elementor-widget-image-carousel\" data-id=\"bee7b5c\" data-element_type=\"widget\" data-settings=\"{&quot;slides_to_show&quot;:&quot;1&quot;,&quot;navigation&quot;:&quot;both&quot;,&quot;autoplay&quot;:&quot;yes&quot;,&quot;pause_on_hover&quot;:&quot;yes&quot;,&quot;pause_on_interaction&quot;:&quot;yes&quot;,&quot;autoplay_speed&quot;:5000,&quot;infinite&quot;:&quot;yes&quot;,&quot;effect&quot;:&quot;slide&quot;,&quot;speed&quot;:500}\" data-widget_type=\"image-carousel.default\">\n\t\t\t\t\t\t\t<div class=\"elementor-image-carousel-wrapper swiper\" role=\"region\" aria-roledescription=\"carousel\" aria-label=\"Image Carousel\" dir=\"ltr\">\n\t\t\t<div class=\"elementor-image-carousel swiper-wrapper\" aria-live=\"off\">\n\t\t\t\t\t\t\t\t<div class=\"swiper-slide\" role=\"group\" aria-roledescription=\"slide\" aria-label=\"1 of 25\"><figure class=\"swiper-slide-inner\"><img decoding=\"async\" class=\"swiper-slide-image\" src=\"https:\/\/takakmamu.com\/wp-content\/uploads\/2025\/10\/construccion2.jpg\" alt=\"construccion2\" \/><\/figure><\/div><div class=\"swiper-slide\" role=\"group\" aria-roledescription=\"slide\" aria-label=\"2 of 25\"><figure class=\"swiper-slide-inner\"><img decoding=\"async\" class=\"swiper-slide-image\" src=\"https:\/\/takakmamu.com\/wp-content\/uploads\/2025\/10\/caminobronce.jpg\" alt=\"caminobronce\" \/><\/figure><\/div><div class=\"swiper-slide\" role=\"group\" aria-roledescription=\"slide\" aria-label=\"3 of 25\"><figure class=\"swiper-slide-inner\"><img decoding=\"async\" class=\"swiper-slide-image\" src=\"https:\/\/takakmamu.com\/wp-content\/uploads\/2025\/10\/primeradirectiva.jpg\" alt=\"primeradirectiva\" \/><\/figure><\/div><div class=\"swiper-slide\" role=\"group\" aria-roledescription=\"slide\" aria-label=\"4 of 25\"><figure class=\"swiper-slide-inner\"><img decoding=\"async\" class=\"swiper-slide-image\" src=\"https:\/\/takakmamu.com\/wp-content\/uploads\/2025\/10\/museo2.jpg\" alt=\"museo2\" \/><\/figure><\/div><div class=\"swiper-slide\" role=\"group\" aria-roledescription=\"slide\" aria-label=\"5 of 25\"><figure class=\"swiper-slide-inner\"><img decoding=\"async\" class=\"swiper-slide-image\" src=\"https:\/\/takakmamu.com\/wp-content\/uploads\/2025\/10\/socios-1.jpg\" alt=\"socios\" \/><\/figure><\/div><div class=\"swiper-slide\" role=\"group\" aria-roledescription=\"slide\" aria-label=\"6 of 25\"><figure class=\"swiper-slide-inner\"><img decoding=\"async\" class=\"swiper-slide-image\" src=\"https:\/\/takakmamu.com\/wp-content\/uploads\/2025\/10\/personaltecnico2.jpg\" alt=\"personaltecnico2\" \/><\/figure><\/div><div class=\"swiper-slide\" role=\"group\" aria-roledescription=\"slide\" aria-label=\"7 of 25\"><figure class=\"swiper-slide-inner\"><img decoding=\"async\" class=\"swiper-slide-image\" src=\"https:\/\/takakmamu.com\/wp-content\/uploads\/2025\/10\/promerossocios.jpg\" alt=\"promerossocios\" \/><\/figure><\/div><div class=\"swiper-slide\" role=\"group\" aria-roledescription=\"slide\" aria-label=\"8 of 25\"><figure class=\"swiper-slide-inner\"><img decoding=\"async\" class=\"swiper-slide-image\" src=\"https:\/\/takakmamu.com\/wp-content\/uploads\/2025\/10\/puente.jpg\" alt=\"puente\" \/><\/figure><\/div><div class=\"swiper-slide\" role=\"group\" aria-roledescription=\"slide\" aria-label=\"9 of 25\"><figure class=\"swiper-slide-inner\"><img decoding=\"async\" class=\"swiper-slide-image\" src=\"https:\/\/takakmamu.com\/wp-content\/uploads\/2025\/10\/museo.jpg\" alt=\"museo\" \/><\/figure><\/div><div class=\"swiper-slide\" role=\"group\" aria-roledescription=\"slide\" aria-label=\"10 of 25\"><figure class=\"swiper-slide-inner\"><img decoding=\"async\" class=\"swiper-slide-image\" src=\"https:\/\/takakmamu.com\/wp-content\/uploads\/2025\/10\/personaltecnico.jpg\" alt=\"personaltecnico\" \/><\/figure><\/div><div class=\"swiper-slide\" role=\"group\" aria-roledescription=\"slide\" aria-label=\"11 of 25\"><figure class=\"swiper-slide-inner\"><img decoding=\"async\" class=\"swiper-slide-image\" src=\"https:\/\/takakmamu.com\/wp-content\/uploads\/2025\/10\/firma4.jpg\" alt=\"firma4\" \/><\/figure><\/div><div class=\"swiper-slide\" role=\"group\" aria-roledescription=\"slide\" aria-label=\"12 of 25\"><figure class=\"swiper-slide-inner\"><img decoding=\"async\" class=\"swiper-slide-image\" src=\"https:\/\/takakmamu.com\/wp-content\/uploads\/2025\/10\/firma3.jpg\" alt=\"firma3\" \/><\/figure><\/div><div class=\"swiper-slide\" role=\"group\" aria-roledescription=\"slide\" aria-label=\"13 of 25\"><figure class=\"swiper-slide-inner\"><img decoding=\"async\" class=\"swiper-slide-image\" src=\"https:\/\/takakmamu.com\/wp-content\/uploads\/2025\/10\/inaguracioncasilleros.jpg\" alt=\"inaguracioncasilleros\" \/><\/figure><\/div><div class=\"swiper-slide\" role=\"group\" aria-roledescription=\"slide\" aria-label=\"14 of 25\"><figure class=\"swiper-slide-inner\"><img decoding=\"async\" class=\"swiper-slide-image\" src=\"https:\/\/takakmamu.com\/wp-content\/uploads\/2025\/10\/mascotadeportes.jpg\" alt=\"mascotadeportes\" \/><\/figure><\/div><div class=\"swiper-slide\" role=\"group\" aria-roledescription=\"slide\" aria-label=\"15 of 25\"><figure class=\"swiper-slide-inner\"><img decoding=\"async\" class=\"swiper-slide-image\" src=\"https:\/\/takakmamu.com\/wp-content\/uploads\/2025\/10\/firma2.jpg\" alt=\"firma2\" \/><\/figure><\/div><div class=\"swiper-slide\" role=\"group\" aria-roledescription=\"slide\" aria-label=\"16 of 25\"><figure class=\"swiper-slide-inner\"><img decoding=\"async\" class=\"swiper-slide-image\" src=\"https:\/\/takakmamu.com\/wp-content\/uploads\/2025\/10\/entregacasilleros.jpg\" alt=\"entregacasilleros\" \/><\/figure><\/div><div class=\"swiper-slide\" role=\"group\" aria-roledescription=\"slide\" aria-label=\"17 of 25\"><figure class=\"swiper-slide-inner\"><img decoding=\"async\" class=\"swiper-slide-image\" src=\"https:\/\/takakmamu.com\/wp-content\/uploads\/2025\/10\/deportescamp.jpg\" alt=\"deportescamp\" \/><\/figure><\/div><div class=\"swiper-slide\" role=\"group\" aria-roledescription=\"slide\" aria-label=\"18 of 25\"><figure class=\"swiper-slide-inner\"><img decoding=\"async\" class=\"swiper-slide-image\" src=\"https:\/\/takakmamu.com\/wp-content\/uploads\/2025\/10\/deportes.jpg\" alt=\"deportes\" \/><\/figure><\/div><div class=\"swiper-slide\" role=\"group\" aria-roledescription=\"slide\" aria-label=\"19 of 25\"><figure class=\"swiper-slide-inner\"><img decoding=\"async\" class=\"swiper-slide-image\" src=\"https:\/\/takakmamu.com\/wp-content\/uploads\/2025\/10\/deportes2.jpg\" alt=\"deportes2\" \/><\/figure><\/div><div class=\"swiper-slide\" role=\"group\" aria-roledescription=\"slide\" aria-label=\"20 of 25\"><figure class=\"swiper-slide-inner\"><img decoding=\"async\" class=\"swiper-slide-image\" src=\"https:\/\/takakmamu.com\/wp-content\/uploads\/2025\/10\/comite.jpg\" alt=\"comite\" \/><\/figure><\/div><div class=\"swiper-slide\" role=\"group\" aria-roledescription=\"slide\" aria-label=\"21 of 25\"><figure class=\"swiper-slide-inner\"><img decoding=\"async\" class=\"swiper-slide-image\" src=\"https:\/\/takakmamu.com\/wp-content\/uploads\/2025\/10\/construccioncasilleros.jpg\" alt=\"construccioncasilleros\" \/><\/figure><\/div><div class=\"swiper-slide\" role=\"group\" aria-roledescription=\"slide\" aria-label=\"22 of 25\"><figure class=\"swiper-slide-inner\"><img decoding=\"async\" class=\"swiper-slide-image\" src=\"https:\/\/takakmamu.com\/wp-content\/uploads\/2025\/10\/construccion3.jpg\" alt=\"construccion3\" \/><\/figure><\/div><div class=\"swiper-slide\" role=\"group\" aria-roledescription=\"slide\" aria-label=\"23 of 25\"><figure class=\"swiper-slide-inner\"><img decoding=\"async\" class=\"swiper-slide-image\" src=\"https:\/\/takakmamu.com\/wp-content\/uploads\/2025\/10\/cabana.jpg\" alt=\"cabana\" \/><\/figure><\/div><div class=\"swiper-slide\" role=\"group\" aria-roledescription=\"slide\" aria-label=\"24 of 25\"><figure class=\"swiper-slide-inner\"><img decoding=\"async\" class=\"swiper-slide-image\" src=\"https:\/\/takakmamu.com\/wp-content\/uploads\/2025\/10\/firma1.jpg\" alt=\"firma1\" \/><\/figure><\/div><div class=\"swiper-slide\" role=\"group\" aria-roledescription=\"slide\" aria-label=\"25 of 25\"><figure class=\"swiper-slide-inner\"><img decoding=\"async\" class=\"swiper-slide-image\" src=\"https:\/\/takakmamu.com\/wp-content\/uploads\/2025\/10\/socios.jpg\" alt=\"socios\" \/><\/figure><\/div>\t\t\t<\/div>\n\t\t\t\t\t\t\t\t\t\t\t\t<div class=\"elementor-swiper-button elementor-swiper-button-prev\" role=\"button\" tabindex=\"0\">\n\t\t\t\t\t\t<svg aria-hidden=\"true\" class=\"e-font-icon-svg e-eicon-chevron-left\" viewBox=\"0 0 1000 1000\" xmlns=\"http:\/\/www.w3.org\/2000\/svg\"><path d=\"M646 125C629 125 613 133 604 142L308 442C296 454 292 471 292 487 292 504 296 521 308 533L604 854C617 867 629 875 646 875 663 875 679 871 692 858 704 846 713 829 713 812 713 796 708 779 692 767L438 487 692 225C700 217 708 204 708 187 708 171 704 154 692 142 675 129 663 125 646 125Z\"><\/path><\/svg>\t\t\t\t\t<\/div>\n\t\t\t\t\t<div class=\"elementor-swiper-button elementor-swiper-button-next\" role=\"button\" tabindex=\"0\">\n\t\t\t\t\t\t<svg aria-hidden=\"true\" class=\"e-font-icon-svg e-eicon-chevron-right\" viewBox=\"0 0 1000 1000\" xmlns=\"http:\/\/www.w3.org\/2000\/svg\"><path d=\"M696 533C708 521 713 504 713 487 713 471 708 454 696 446L400 146C388 133 375 125 354 125 338 125 325 129 313 142 300 154 292 171 292 187 292 204 296 221 308 233L563 492 304 771C292 783 288 800 288 817 288 833 296 850 308 863 321 871 338 875 354 875 371 875 388 867 400 854L696 533Z\"><\/path><\/svg>\t\t\t\t\t<\/div>\n\t\t\t\t\n\t\t\t\t\t\t\t\t\t<div class=\"swiper-pagination\"><\/div>\n\t\t\t\t\t\t\t\t\t<\/div>\n\t\t\t\t\t\t<\/div>\n\t\t\t\t<\/div>\n\t\t<div class=\"elementor-element elementor-element-5df9ebd e-con-full e-flex e-con e-child\" data-id=\"5df9ebd\" data-element_type=\"container\">\n\t\t\t\t<div class=\"elementor-element elementor-element-174212a e-n-tabs-mobile elementor-widget elementor-widget-n-tabs\" data-id=\"174212a\" data-element_type=\"widget\" data-settings=\"{&quot;horizontal_scroll&quot;:&quot;disable&quot;}\" data-widget_type=\"nested-tabs.default\">\n\t\t\t\t\t\t\t<div class=\"e-n-tabs\" data-widget-number=\"24387882\" aria-label=\"Tabs. Open items with Enter or Space, close with Escape and navigate using the Arrow keys.\">\n\t\t\t<div class=\"e-n-tabs-heading\" role=\"tablist\">\n\t\t\t\t\t<button id=\"e-n-tab-title-243878821\" class=\"e-n-tab-title\" aria-selected=\"true\" data-tab-index=\"1\" role=\"tab\" tabindex=\"0\" aria-controls=\"e-n-tab-content-243878821\" style=\"--n-tabs-title-order: 1;\">\n\t\t\t\t\t\t<span class=\"e-n-tab-title-text\">\n\t\t\t\tComite\t\t\t<\/span>\n\t\t<\/button>\n\t\t\t\t<button id=\"e-n-tab-title-243878822\" class=\"e-n-tab-title\" aria-selected=\"false\" data-tab-index=\"2\" role=\"tab\" tabindex=\"-1\" aria-controls=\"e-n-tab-content-243878822\" style=\"--n-tabs-title-order: 2;\">\n\t\t\t\t\t\t<span class=\"e-n-tab-title-text\">\n\t\t\t\tMisi\u00f3n\t\t\t<\/span>\n\t\t<\/button>\n\t\t\t\t<button id=\"e-n-tab-title-243878823\" class=\"e-n-tab-title\" aria-selected=\"false\" data-tab-index=\"3\" role=\"tab\" tabindex=\"-1\" aria-controls=\"e-n-tab-content-243878823\" style=\"--n-tabs-title-order: 3;\">\n\t\t\t\t\t\t<span class=\"e-n-tab-title-text\">\n\t\t\t\tVisi\u00f3n\t\t\t<\/span>\n\t\t<\/button>\n\t\t\t\t<button id=\"e-n-tab-title-243878824\" class=\"e-n-tab-title\" aria-selected=\"false\" data-tab-index=\"4\" role=\"tab\" tabindex=\"-1\" aria-controls=\"e-n-tab-content-243878824\" style=\"--n-tabs-title-order: 4;\">\n\t\t\t\t\t\t<span class=\"e-n-tab-title-text\">\n\t\t\t\tPrincipios\t\t\t<\/span>\n\t\t<\/button>\n\t\t\t\t\t<\/div>\n\t\t\t<div class=\"e-n-tabs-content\">\n\t\t\t\t<div id=\"e-n-tab-content-243878821\" role=\"tabpanel\" aria-labelledby=\"e-n-tab-title-243878821\" data-tab-index=\"1\" style=\"--n-tabs-title-order: 1;\" class=\"e-active elementor-element elementor-element-bdaed5f e-con-full e-flex e-con e-child\" data-id=\"bdaed5f\" data-element_type=\"container\">\n\t\t<div class=\"elementor-element elementor-element-63b1e1e e-flex e-con-boxed e-con e-child\" data-id=\"63b1e1e\" data-element_type=\"container\">\n\t\t\t\t\t<div class=\"e-con-inner\">\n\t\t\t\t<div class=\"elementor-element elementor-element-7e50930 elementor-widget elementor-widget-text-editor\" data-id=\"7e50930\" data-element_type=\"widget\" data-widget_type=\"text-editor.default\">\n\t\t\t\t\t\t\t\t\t<div class=\"uk-panel uk-panel-box\"><p>El Comit\u00e9 de Empresa \u201cTakakmamu\u201d es una organizaci\u00f3n de Trabajadores de la compa\u00f1\u00eda Ecuacorriente S.A. aprobado mediante Acuerdo Ministerial N\u00ba 083 con fecha 05 de Mayo de 2010, tiene como domicilio legal en la parroquia Tundayme, cant\u00f3n El Pangui, provincia de Zamora Chinchipe, rep\u00fablica del Ecuador, se rige sobre la base de la Constituci\u00f3n de la Rep\u00fablica, C\u00f3digo de Trabajo y m\u00e1s leyes relacionadas, el n\u00famero de socios a la fecha es de 320.<\/p><\/div>\t\t\t\t\t\t\t\t<\/div>\n\t\t\t\t\t<\/div>\n\t\t\t\t<\/div>\n\t\t\t\t<\/div>\n\t\t<div id=\"e-n-tab-content-243878822\" role=\"tabpanel\" aria-labelledby=\"e-n-tab-title-243878822\" data-tab-index=\"2\" style=\"--n-tabs-title-order: 2;\" class=\" elementor-element elementor-element-c3cf70d e-con-full e-flex e-con e-child\" data-id=\"c3cf70d\" data-element_type=\"container\">\n\t\t<div class=\"elementor-element elementor-element-9f2e6ba e-flex e-con-boxed e-con e-child\" data-id=\"9f2e6ba\" data-element_type=\"container\">\n\t\t\t\t\t<div class=\"e-con-inner\">\n\t\t\t\t<div class=\"elementor-element elementor-element-8c4edd0 elementor-widget elementor-widget-text-editor\" data-id=\"8c4edd0\" data-element_type=\"widget\" data-widget_type=\"text-editor.default\">\n\t\t\t\t\t\t\t\t\t<div class=\"uk-panel uk-panel-box\"><p>Atreves de nuestra acci\u00f3n de representaci\u00f3n ser una Organizaci\u00f3n Sindical que defienda los derechos de los trabajadores, desarrollarnos, en t\u00e9rminos de flexibilidad, respeto, informaci\u00f3n, perspectivas futuras, para en forma conjunta alcanzar el \u00e9xito deseado, cumpliendo con transparencia y honradez las labores en directo beneficio de los trabajadores.<\/p><\/div>\t\t\t\t\t\t\t\t<\/div>\n\t\t\t\t\t<\/div>\n\t\t\t\t<\/div>\n\t\t\t\t<\/div>\n\t\t<div id=\"e-n-tab-content-243878823\" role=\"tabpanel\" aria-labelledby=\"e-n-tab-title-243878823\" data-tab-index=\"3\" style=\"--n-tabs-title-order: 3;\" class=\" elementor-element elementor-element-489e6e6 e-con-full e-flex e-con e-child\" data-id=\"489e6e6\" data-element_type=\"container\">\n\t\t<div class=\"elementor-element elementor-element-608f4a5 e-flex e-con-boxed e-con e-child\" data-id=\"608f4a5\" data-element_type=\"container\">\n\t\t\t\t\t<div class=\"e-con-inner\">\n\t\t\t\t<div class=\"elementor-element elementor-element-69fbe33 elementor-widget elementor-widget-text-editor\" data-id=\"69fbe33\" data-element_type=\"widget\" data-widget_type=\"text-editor.default\">\n\t\t\t\t\t\t\t\t\t<div class=\"uk-panel uk-panel-box\"><p>Defender y velar por el estricto cumplimiento de las garant\u00edas, beneficios y derechos de los trabajadores, mejorar continuamente el ambiente laboral y buscar una mejor calidad de vida para todos sus agremiados, fomentar la solidaridad entre todos los socios, igualdad de oportunidad y realizar todas las actividades contempladas en los estatutos.<\/p><\/div>\t\t\t\t\t\t\t\t<\/div>\n\t\t\t\t\t<\/div>\n\t\t\t\t<\/div>\n\t\t\t\t<\/div>\n\t\t<div id=\"e-n-tab-content-243878824\" role=\"tabpanel\" aria-labelledby=\"e-n-tab-title-243878824\" data-tab-index=\"4\" style=\"--n-tabs-title-order: 4;\" class=\" elementor-element elementor-element-5443471 e-flex e-con-boxed e-con e-child\" data-id=\"5443471\" data-element_type=\"container\">\n\t\t\t\t\t<div class=\"e-con-inner\">\n\t\t<div class=\"elementor-element elementor-element-a7e2c52 e-con-full e-flex e-con e-child\" data-id=\"a7e2c52\" data-element_type=\"container\">\n\t\t\t\t<div class=\"elementor-element elementor-element-5dbd3b3 elementor-widget elementor-widget-text-editor\" data-id=\"5dbd3b3\" data-element_type=\"widget\" data-widget_type=\"text-editor.default\">\n\t\t\t\t\t\t\t\t\t<ul class=\"uk-list tm-list\"><li><p>Transparentar las acciones.<\/p><\/li><li><p>Independencia y libertad en el accionar y sus decisiones.<\/p><\/li><li><p>Fomentar una familia empresarial s\u00f3lida que busque fuentes de crecimiento.<\/p><\/li><li><p>Absoluta transparencia en aportar informaci\u00f3n a quienes representamos.<\/p><\/li><li><p>Colaborar en el equilibrio de los intereses de los trabajadores y la compa\u00f1\u00eda.<\/p><\/li><\/ul>\t\t\t\t\t\t\t\t<\/div>\n\t\t\t\t<\/div>\n\t\t\t\t\t<\/div>\n\t\t\t\t<\/div>\n\t\t\t\t\t<\/div>\n\t\t<\/div>\n\t\t\t\t\t\t<\/div>\n\t\t\t\t<\/div>\n\t\t\t\t\t<\/div>\n\t\t\t\t<\/div>\n\t\t<div class=\"elementor-element elementor-element-c218434 e-flex e-con-boxed e-con e-parent\" data-id=\"c218434\" data-element_type=\"container\">\n\t\t\t\t\t<div class=\"e-con-inner\">\n\t\t<div class=\"elementor-element elementor-element-9c0c47d e-grid e-con-full e-con e-child\" data-id=\"9c0c47d\" data-element_type=\"container\">\n\t\t\t\t<div class=\"elementor-element elementor-element-c0dd22f elementor-widget elementor-widget-text-editor\" data-id=\"c0dd22f\" data-element_type=\"widget\" data-widget_type=\"text-editor.default\">\n\t\t\t\t\t\t\t\t\t<h2 contenteditable=\"true\" data-elementor-setting-key=\"title\" data-pen-placeholder=\"Type Here...\">Horarios de Atenci\u00f3n<\/h2><p>\u00a0<\/p><h4><strong>El Secretario General<\/strong><\/h4><p>Viernes:\u00a0<strong>6am &#8211; 7am<\/strong><\/p><p>victor.samaniego@corriente.com.ec<\/p><p>\u00a0<\/p><h4><strong>Asistente Administrativo<\/strong><\/h4><p>Lunes-Viernes:\u00a0<strong>7am &#8211; 4pm<br \/><br \/><a href=\"https:\/\/web.archive.org\/web\/20240403144116\/mailto:info@takakmamu.com\">info@takakmamu.com<\/a>\u00a0<br \/><\/strong><\/p><p>\u00a0<\/p><p>\u00a0<\/p>\t\t\t\t\t\t\t\t<\/div>\n\t\t\t\t<div class=\"elementor-element elementor-element-b9087a9 elementor-widget elementor-widget-text-editor\" data-id=\"b9087a9\" data-element_type=\"widget\" data-widget_type=\"text-editor.default\">\n\t\t\t\t\t\t\t\t\t<h3 class=\"uk-panel-title\">Tel\u00e9fonos &#8211; Direcci\u00f3n<\/h3><h4>073033909<br \/>0997747211<br \/><br \/><br \/><\/h4><h4>Via al Valle Quimi<br \/>Campamento Mirador<br \/><strong>Tundayme- Ecuador<\/strong><\/h4>\t\t\t\t\t\t\t\t<\/div>\n\t\t\t\t<div class=\"elementor-element elementor-element-8067d7e elementor-widget elementor-widget-google_maps\" data-id=\"8067d7e\" data-element_type=\"widget\" data-widget_type=\"google_maps.default\">\n\t\t\t\t\t\t\t<div class=\"elementor-custom-embed\">\n\t\t\t<iframe loading=\"lazy\"\n\t\t\t\t\tsrc=\"https:\/\/maps.google.com\/maps?q=Tundayme&#038;t=m&#038;z=10&#038;output=embed&#038;iwloc=near\"\n\t\t\t\t\ttitle=\"Tundayme\"\n\t\t\t\t\taria-label=\"Tundayme\"\n\t\t\t><\/iframe>\n\t\t<\/div>\n\t\t\t\t\t\t<\/div>\n\t\t\t\t<\/div>\n\t\t\t\t\t<\/div>\n\t\t\t\t<\/div>\n\t\t<div class=\"elementor-element elementor-element-af1a5d4 e-flex e-con-boxed e-con e-parent\" data-id=\"af1a5d4\" data-element_type=\"container\">\n\t\t\t\t\t<div class=\"e-con-inner\">\n\t\t\t\t\t<\/div>\n\t\t\t\t<\/div>\n\t\t\t\t<\/div>\n\t\t","protected":false},"excerpt":{"rendered":"<p>Comite Misi\u00f3n Visi\u00f3n Principios El Comit\u00e9 de Empresa \u201cTakakmamu\u201d es una organizaci\u00f3n de Trabajadores de la compa\u00f1\u00eda Ecuacorriente S.A. aprobado mediante Acuerdo Ministerial N\u00ba 083 con fecha 05 de Mayo de 2010, tiene como domicilio legal en la parroquia Tundayme, cant\u00f3n El Pangui, provincia de Zamora Chinchipe, rep\u00fablica del Ecuador, se rige sobre la base [&hellip;]<\/p>\n","protected":false},"author":1,"featured_media":0,"parent":0,"menu_order":0,"comment_status":"closed","ping_status":"closed","template":"","meta":{"footnotes":""},"class_list":["post-36","page","type-page","status-publish","hentry"],"_links":{"self":[{"href":"https:\/\/takakmamu.com\/index.php\/wp-json\/wp\/v2\/pages\/36","targetHints":{"allow":["GET"]}}],"collection":[{"href":"https:\/\/takakmamu.com\/index.php\/wp-json\/wp\/v2\/pages"}],"about":[{"href":"https:\/\/takakmamu.com\/index.php\/wp-json\/wp\/v2\/types\/page"}],"author":[{"embeddable":true,"href":"https:\/\/takakmamu.com\/index.php\/wp-json\/wp\/v2\/users\/1"}],"replies":[{"embeddable":true,"href":"https:\/\/takakmamu.com\/index.php\/wp-json\/wp\/v2\/comments?post=36"}],"version-history":[{"count":14,"href":"https:\/\/takakmamu.com\/index.php\/wp-json\/wp\/v2\/pages\/36\/revisions"}],"predecessor-version":[{"id":55,"href":"https:\/\/takakmamu.com\/index.php\/wp-json\/wp\/v2\/pages\/36\/revisions\/55"}],"wp:attachment":[{"href":"https:\/\/takakmamu.com\/index.php\/wp-json\/wp\/v2\/media?parent=36"}],"curies":[{"name":"wp","href":"https:\/\/api.w.org\/{rel}","templated":true}]}}